{"id":2240,"date":"2018-06-28T16:44:44","date_gmt":"2018-06-28T14:44:44","guid":{"rendered":"https:\/\/watt4u.ch\/?page_id=2240"},"modified":"2019-04-09T09:56:35","modified_gmt":"2019-04-09T07:56:35","slug":"mission-werte","status":"publish","type":"page","link":"https:\/\/watt4u.ch\/de\/mission-werte\/","title":{"rendered":"Mission \u2013 Warum Watt4U"},"content":{"rendered":"<!--themify_builder_content-->\n<div id=\"themify_builder_content-2240\" data-postid=\"2240\" class=\"themify_builder_content themify_builder_content-2240 themify_builder tf_clear\">\n                    <div  data-css_id=\"84a4987\" data-lazy=\"1\" class=\"module_row themify_builder_row fullheight fullwidth tb_84a4987 tb_first tf_w hide-tablet hide-mobile\">\n                        <div class=\"row_inner col_align_top tb_col_count_1 tf_box tf_rel\">\n                        <div  data-lazy=\"1\" class=\"module_column tb-column col-full tb_f6af6b8 first\">\n                            <div  data-lazy=\"1\" class=\"module_subrow themify_builder_sub_row tf_w gutter-none col_align_bottom tb_col_count_5 tb_a89c24a\">\n                <div  data-lazy=\"1\" class=\"module_column sub_column col5-1 tb_8ba1ada first\">\n                            <\/div>\n                    <div  data-lazy=\"1\" class=\"module_column sub_column col5-1 tb_9bc9e17\">\n                    <!-- module text -->\n<div  class=\"module module-text tb_5e63fe9  fullcover \" data-lazy=\"1\">\n        <div  class=\"tb_text_wrap\">\n        <h1 style=\\\"text-align: left;\\\"><span style=\\\"font-family: suisseintl-light;\\\">WARUM<\/span><\/h1><h1 style=\\\"text-align: left;\\\">WATT4U ?<\/h1>    <\/div>\n<\/div>\n<!-- \/module text -->        <\/div>\n                    <div  data-lazy=\"1\" class=\"module_column sub_column col5-1 tb_9f304ab\">\n                    <!-- module text -->\n<div  class=\"module module-text tb_3e1ab9f  fullcover \" data-lazy=\"1\">\n        <div  class=\"tb_text_wrap\">\n        <p style=\\\"text-align: left;\\\"><b>Watt4U<\/b> ist Ihr Partner in der technologischen Entwicklung und bei der Suche innovativer L\u00f6sungen. Wir bestimmen das Verbesserungspotential Ihres Produkts in dessen technologischen, strukturellen, kommerziellen oder finanziellen Umfeld.<\/p><p>Wir sind Ihr \u00abOsteopath\u00bb der Technologie. Wir arbeiten mit einem ganzheitlichen Ansatz sowohl im Verst\u00e4ndnis als auch in der Umsetzung des Projekts.<\/p><p>Unser Mehrwert besteht in der F\u00e4higkeit, spezifische Herausforderungen zu bew\u00e4ltigen, indem wir Mathematik und Physik in den Dienst der Optimierung stellen.<\/p>    <\/div>\n<\/div>\n<!-- \/module text -->        <\/div>\n                    <div  data-lazy=\"1\" class=\"module_column sub_column col5-1 tb_99b81a7\">\n                    <!-- module text -->\n<div  class=\"module module-text tb_5433b9e  fullcover \" data-lazy=\"1\">\n        <div  class=\"tb_text_wrap\">\n        <h2>MISSION<\/h2><p>Wir wollen Sie weiter bringen als Sie sich vorstellen.<\/p><h2>WERTE<\/h2><p>Wir arbeiten in einem Klima gegenseitigen Vertrauens, der Offenheit und Transparenz. Jede Etappe basiert auf fundierten \u00dcberlegungen, die wir Ihnen unterbreiten, erl\u00e4utern und die in Ihren Besitz \u00fcbergehen.<\/p><p>Ihre Herausforderung ist unsere Motivation. Ihr Erfolg ist unsere Erf\u00fcllung.<\/p>    <\/div>\n<\/div>\n<!-- \/module text -->        <\/div>\n                    <div  data-lazy=\"1\" class=\"module_column sub_column col5-1 tb_325353f last\">\n                            <\/div>\n                    <\/div>\n                <div  data-lazy=\"1\" class=\"module_subrow themify_builder_sub_row tf_w gutter-none col_align_bottom tb_col_count_4 tb_d5bce56\">\n                <div  data-lazy=\"1\" class=\"module_column sub_column col4-1 tb_310ba5a first\">\n                            <\/div>\n                    <div  data-lazy=\"1\" class=\"module_column sub_column col4-1 tb_1f923df\">\n                    <!-- module text -->\n<div  class=\"module module-text tb_a3c0631  repeat \" data-lazy=\"1\">\n        <div  class=\"tb_text_wrap\">\n        <h5><span style=\\\"font-family: suisseintl-lightit;\\\">Wir verkaufen keine Tr\u00e4ume, aber konkretisieren die Ihren. Wir sind Teil Ihrer zuk\u00fcnftigen Entwicklung.<\/span><\/h5>    <\/div>\n<\/div>\n<!-- \/module text -->        <\/div>\n                    <div  data-lazy=\"1\" class=\"module_column sub_column col4-1 tb_eab154a\">\n                    <!-- module button pro -->\n<div  id=\"tb_167c4cb\" class=\"module module-button tb_167c4cb button-link-external  gray\" data-lazy=\"1\">\n\t\n    <a  class=\"ui builder_button transparent rounded gradient themify_lightbox\" href=\"https:\/\/watt4u.ch\/Watt4U_Publikationen.pdf\">\n\t\t\t\t<span>PUBLIKATIONEN<\/span>\n    <\/a>\n\n\t\n\t<\/div>\n<!-- \/module button pro -->\n        <\/div>\n                    <div  data-lazy=\"1\" class=\"module_column sub_column col4-1 tb_f491f81 last\">\n                            <\/div>\n                    <\/div>\n                <\/div>\n                        <\/div>\n        <\/div>\n                        <div  data-css_id=\"9dfadd2\" data-lazy=\"1\" class=\"module_row themify_builder_row fullheight fullwidth tb_9dfadd2 tf_w hide-desktop hide-mobile\">\n            <span  class=\"builder_row_cover tf_abs\" data-lazy=\"1\"><\/span>            <div class=\"row_inner col_align_top tb_col_count_1 tf_box tf_rel\">\n                        <div  data-lazy=\"1\" class=\"module_column tb-column col-full tb_c874825 first\">\n                            <div  data-lazy=\"1\" class=\"module_subrow themify_builder_sub_row tf_w gutter-none col_align_top tb_col_count_3 tb_57b96cd\">\n                <div  data-lazy=\"1\" class=\"module_column sub_column col3-1 tb_4d961fa first\">\n                    <!-- module text -->\n<div  class=\"module module-text tb_027b163  fullcover \" data-lazy=\"1\">\n        <div  class=\"tb_text_wrap\">\n        <h1 style=\\\"text-align: left;\\\"><span style=\\\"font-family: suisseintl-light;\\\">WARUM<\/span><\/h1><h1 style=\\\"text-align: left;\\\">WATT4U<\/h1>    <\/div>\n<\/div>\n<!-- \/module text -->        <\/div>\n                    <div  data-lazy=\"1\" class=\"module_column sub_column col3-1 tb_161882b\">\n                    <!-- module text -->\n<div  class=\"module module-text tb_ce4627b  fullcover \" data-lazy=\"1\">\n        <div  class=\"tb_text_wrap\">\n        <p style=\\\"text-align: left;\\\"><b>Watt4U\u00a0<\/b>ist Ihr Partner in der technologischen Entwicklung und bei der Suche innovativer L\u00f6sungen. Wir bestimmen das Verbesserungspotential Ihres Produkts in dessen technologischen, strukturellen, kommerziellen oder finanziellen Umfeld.<\/p>\n<p style=\\\"text-align: left;\\\">Wir sind Ihr \u00abOsteopath\u00bb der Technologie. Wir arbeiten mit einem ganzheitlichen Ansatz sowohl im Verst\u00e4ndnis als auch in der Umsetzung des Projekts.<\/p>\n<p style=\\\"text-align: left;\\\">Unser Mehrwert besteht in der F\u00e4higkeit, spezifische Herausforderungen zu bew\u00e4ltigen, indem wir Mathematik und Physik in den Dienst der Optimierung stellen.<\/p>    <\/div>\n<\/div>\n<!-- \/module text -->        <\/div>\n                    <div  data-lazy=\"1\" class=\"module_column sub_column col3-1 tb_ad4b5ee last\">\n                    <!-- module text -->\n<div  class=\"module module-text tb_ffa5313  fullcover \" data-lazy=\"1\">\n        <div  class=\"tb_text_wrap\">\n        <h2 style=\\\"text-align: left;\\\">MISSION<\/h2><p style=\\\"text-align: left;\\\">Wir wollen Sie weiter bringen als Sie sich vorstellen.<\/p><h2 style=\\\"text-align: left;\\\">WERTE<\/h2><p>Wir arbeiten in einem Klima gegenseitigen Vertrauens, der Offenheit und Transparenz. Jede Etappe basiert auf fundierten \u00dcberlegungen, die wir Ihnen unterbreiten, erl\u00e4utern und die in Ihren Besitz \u00fcbergehen.<\/p><p>Ihre Herausforderung ist unsere Motivation. Ihr Erfolg ist unsere Erf\u00fcllung.<\/p>    <\/div>\n<\/div>\n<!-- \/module text -->        <\/div>\n                    <\/div>\n                <div  data-lazy=\"1\" class=\"module_subrow themify_builder_sub_row tf_w gutter-none col_align_bottom tb_col_count_4 tb_6744286\">\n                <div  data-lazy=\"1\" class=\"module_column sub_column col4-1 tb_710d49d first\">\n                    <!-- module text -->\n<div  class=\"module module-text tb_c83611b  repeat \" data-lazy=\"1\">\n        <div  class=\"tb_text_wrap\">\n        <h5><span style=\\\"font-family: suisseintl-lightit;\\\">Wir verkaufen keine Tr\u00e4ume, aber konkretisieren die Ihren. Wir sind Teil Ihrer zuk\u00fcnftigen Entwicklung.<\/span><\/h5>    <\/div>\n<\/div>\n<!-- \/module text -->        <\/div>\n                    <div  data-lazy=\"1\" class=\"module_column sub_column col4-1 tb_3d94d10\">\n                    <!-- module button pro -->\n<div  id=\"tb_d969145\" class=\"module module-button tb_d969145 button-link-external  gray\" data-lazy=\"1\">\n\t\n    <a  class=\"ui builder_button transparent rounded gradient themify_lightbox\" href=\"https:\/\/watt4u.ch\/Watt4U_Publikationen.pdf\">\n\t\t\t\t<span>PUBLIKATIONEN<\/span>\n    <\/a>\n\n\t\n\t<\/div>\n<!-- \/module button pro -->\n        <\/div>\n                    <div  data-lazy=\"1\" class=\"module_column sub_column col4-1 tb_d99be87\">\n                            <\/div>\n                    <div  data-lazy=\"1\" class=\"module_column sub_column col4-1 tb_915fab2 last\">\n                            <\/div>\n                    <\/div>\n                <\/div>\n                        <\/div>\n        <\/div>\n                        <div  data-css_id=\"3fbf4e4\" data-lazy=\"1\" class=\"module_row themify_builder_row fullheight fullwidth tb_3fbf4e4 tf_w hide-desktop hide-tablet\">\n            <span  class=\"builder_row_cover tf_abs\" data-lazy=\"1\"><\/span>            <div class=\"row_inner col_align_top tb_col_count_1 tf_box tf_rel\">\n                        <div  data-lazy=\"1\" class=\"module_column tb-column col-full tb_9d885da first\">\n                            <div  data-lazy=\"1\" class=\"module_subrow themify_builder_sub_row tf_w gutter-none col_align_top tb_col_count_3 tb_e2fe27d\">\n                <div  data-lazy=\"1\" class=\"module_column sub_column col3-1 tb_84fd91f first\">\n                    <!-- module text -->\n<div  class=\"module module-text tb_0637f6c  fullcover \" data-lazy=\"1\">\n        <div  class=\"tb_text_wrap\">\n        <h1 style=\\\"text-align: left;\\\"><span style=\\\"font-family: suisseintl-light;\\\">WARUM<\/span><\/h1><h1 style=\\\"text-align: left;\\\">WATT4U<\/h1>    <\/div>\n<\/div>\n<!-- \/module text -->        <\/div>\n                    <div  data-lazy=\"1\" class=\"module_column sub_column col3-1 tb_5fc72bb\">\n                    <!-- module text -->\n<div  class=\"module module-text tb_86c64fb  fullcover  hide-tablet\" data-lazy=\"1\">\n        <div  class=\"tb_text_wrap\">\n        <p style=\\\"text-align: left;\\\"><b>Watt4U<\/b> ist Ihr Partner in der technologischen Entwicklung und bei der Suche innovativer L\u00f6sungen. Wir bestimmen das Verbesserungspotential Ihres Produkts in dessen technologischen, strukturellen, kommerziellen oder finanziellen Umfeld.<\/p>\n<p style=\\\"text-align: left;\\\">Wir sind Ihr \u00abOsteopath\u00bb der Technologie. Wir arbeiten mit einem ganzheitlichen Ansatz sowohl im Verst\u00e4ndnis als auch in der Umsetzung des Projekts.<\/p>\n<p style=\\\"text-align: left;\\\">Unser Mehrwert besteht in der F\u00e4higkeit, spezifische Herausforderungen zu bew\u00e4ltigen, indem wir Mathematik und Physik in den Dienst der Optimierung stellen.<\/p>    <\/div>\n<\/div>\n<!-- \/module text -->        <\/div>\n                    <div  data-lazy=\"1\" class=\"module_column sub_column col3-1 tb_3924dbc last\">\n                    <!-- module text -->\n<div  class=\"module module-text tb_45691df  fullcover \" data-lazy=\"1\">\n        <div  class=\"tb_text_wrap\">\n        <h2 style=\\\"text-align: left;\\\">MISSION<\/h2><p style=\\\"text-align: left;\\\">Wir wollen Sie weiter bringen als Sie sich vorstellen.<\/p><h2 style=\\\"text-align: left;\\\">WERTE<\/h2><p>Wir arbeiten in einem Klima gegenseitigen Vertrauens, der Offenheit und Transparenz. Jede Etappe basiert auf fundierten \u00dcberlegungen, die wir Ihnen unterbreiten, erl\u00e4utern und die in Ihren Besitz \u00fcbergehen.<\/p><p>Ihre Herausforderung ist unsere Motivation. Ihr Erfolg ist unsere Erf\u00fcllung.<\/p>    <\/div>\n<\/div>\n<!-- \/module text -->        <\/div>\n                    <\/div>\n                <div  data-lazy=\"1\" class=\"module_subrow themify_builder_sub_row tf_w gutter-none col_align_bottom tb_col_count_4 tb_75a25e1\">\n                <div  data-lazy=\"1\" class=\"module_column sub_column col4-1 tb_eddb07b first\">\n                    <!-- module text -->\n<div  class=\"module module-text tb_ee22a4e  repeat \" data-lazy=\"1\">\n        <div  class=\"tb_text_wrap\">\n        <h5><span style=\\\"font-family: suisseintl-lightit;\\\">Wir verkaufen keine Tr\u00e4ume, aber konkretisieren die Ihren. Wir sind Teil Ihrer zuk\u00fcnftigen Entwicklung.<\/span><\/h5>    <\/div>\n<\/div>\n<!-- \/module text -->        <\/div>\n                    <div  data-lazy=\"1\" class=\"module_column sub_column col4-1 tb_8f5e7f1\">\n                    <!-- module button pro -->\n<div  id=\"tb_4a81925\" class=\"module module-button tb_4a81925 button-link-external  gray\" data-lazy=\"1\">\n\t\n    <a  class=\"ui builder_button transparent rounded gradient\" href=\"https:\/\/watt4u.ch\/Watt4U_Publikationen.pdf\" target=\"_blank\">\n\t\t\t\t<span>PUBLIKATIONEN<\/span>\n    <\/a>\n\n\t\n\t<\/div>\n<!-- \/module button pro -->\n        <\/div>\n                    <div  data-lazy=\"1\" class=\"module_column sub_column col4-1 tb_188735b\">\n                            <\/div>\n                    <div  data-lazy=\"1\" class=\"module_column sub_column col4-1 tb_e37d116 last\">\n                            <\/div>\n                    <\/div>\n                <\/div>\n                        <\/div>\n        <\/div>\n        <\/div>\n<!--\/themify_builder_content-->","protected":false},"excerpt":{"rendered":"<p>WARUM WATT4U ? Watt4U ist Ihr Partner in der technologischen Entwicklung und bei der Suche innovativer L\u00f6sungen. Wir bestimmen das Verbesserungspotential Ihres Produkts in dessen technologischen, strukturellen, kommerziellen oder finanziellen Umfeld. Wir sind Ihr \u00abOsteopath\u00bb der Technologie. Wir arbeiten mit einem ganzheitlichen Ansatz sowohl im Verst\u00e4ndnis als auch in der Umsetzung des Projekts. Unser Mehrwert [&hellip;]<\/p>\n","protected":false},"author":1,"featured_media":0,"parent":0,"menu_order":0,"comment_status":"closed","ping_status":"closed","template":"","meta":{"_exactmetrics_skip_tracking":false,"_exactmetrics_sitenote_active":false,"_exactmetrics_sitenote_note":"","_exactmetrics_sitenote_category":0,"footnotes":""},"class_list":["post-2240","page","type-page","status-publish","hentry","has-post-title","has-post-date","has-post-category","has-post-tag","has-post-comment","has-post-author",""],"yoast_head":"<!-- This site is optimized with the Yoast SEO plugin v27.2 - https:\/\/yoast.com\/product\/yoast-seo-wordpress\/ -->\n<title>Mission \u2013 Warum Watt4U - Watt4u<\/title>\n<meta name=\"robots\" content=\"index, follow, max-snippet:-1, max-image-preview:large, max-video-preview:-1\" \/>\n<link rel=\"canonical\" href=\"https:\/\/watt4u.ch\/mission-valeurs\/\" \/>\n<meta property=\"og:locale\" content=\"de_DE\" \/>\n<meta property=\"og:type\" content=\"article\" \/>\n<meta property=\"og:title\" content=\"Mission \u2013 Warum Watt4U - Watt4u\" \/>\n<meta property=\"og:description\" content=\"WARUM WATT4U ? Watt4U ist Ihr Partner in der technologischen Entwicklung und bei der Suche innovativer L\u00f6sungen. Wir bestimmen das Verbesserungspotential Ihres Produkts in dessen technologischen, strukturellen, kommerziellen oder finanziellen Umfeld. Wir sind Ihr \u00abOsteopath\u00bb der Technologie. Wir arbeiten mit einem ganzheitlichen Ansatz sowohl im Verst\u00e4ndnis als auch in der Umsetzung des Projekts. Unser Mehrwert [&hellip;]\" \/>\n<meta property=\"og:url\" content=\"https:\/\/watt4u.ch\/mission-valeurs\/\" \/>\n<meta property=\"og:site_name\" content=\"Watt4u\" \/>\n<meta property=\"article:modified_time\" content=\"2019-04-09T07:56:35+00:00\" \/>\n<meta name=\"twitter:card\" content=\"summary_large_image\" \/>\n<meta name=\"twitter:label1\" content=\"Gesch\u00e4tzte Lesezeit\" \/>\n\t<meta name=\"twitter:data1\" content=\"2\u00a0Minuten\" \/>\n<script type=\"application\/ld+json\" class=\"yoast-schema-graph\">{\"@context\":\"https:\/\/schema.org\",\"@graph\":[{\"@type\":\"WebPage\",\"@id\":\"https:\/\/watt4u.ch\/mission-valeurs\/\",\"url\":\"https:\/\/watt4u.ch\/mission-valeurs\/\",\"name\":\"Mission \u2013 Warum Watt4U - Watt4u\",\"isPartOf\":{\"@id\":\"https:\/\/watt4u.ch\/#website\"},\"datePublished\":\"2018-06-28T14:44:44+00:00\",\"dateModified\":\"2019-04-09T07:56:35+00:00\",\"breadcrumb\":{\"@id\":\"https:\/\/watt4u.ch\/mission-valeurs\/#breadcrumb\"},\"inLanguage\":\"de\",\"potentialAction\":[{\"@type\":\"ReadAction\",\"target\":[\"https:\/\/watt4u.ch\/mission-valeurs\/\"]}]},{\"@type\":\"BreadcrumbList\",\"@id\":\"https:\/\/watt4u.ch\/mission-valeurs\/#breadcrumb\",\"itemListElement\":[{\"@type\":\"ListItem\",\"position\":1,\"name\":\"Accueil\",\"item\":\"https:\/\/watt4u.ch\/\"},{\"@type\":\"ListItem\",\"position\":2,\"name\":\"Mission \u2013 Warum Watt4U\"}]},{\"@type\":\"WebSite\",\"@id\":\"https:\/\/watt4u.ch\/#website\",\"url\":\"https:\/\/watt4u.ch\/\",\"name\":\"Watt4u\",\"description\":\"C&#039;est puissant\",\"publisher\":{\"@id\":\"https:\/\/watt4u.ch\/#organization\"},\"potentialAction\":[{\"@type\":\"SearchAction\",\"target\":{\"@type\":\"EntryPoint\",\"urlTemplate\":\"https:\/\/watt4u.ch\/?s={search_term_string}\"},\"query-input\":{\"@type\":\"PropertyValueSpecification\",\"valueRequired\":true,\"valueName\":\"search_term_string\"}}],\"inLanguage\":\"de\"},{\"@type\":\"Organization\",\"@id\":\"https:\/\/watt4u.ch\/#organization\",\"name\":\"Watt4U S\u00e0rl\",\"url\":\"https:\/\/watt4u.ch\/\",\"logo\":{\"@type\":\"ImageObject\",\"inLanguage\":\"de\",\"@id\":\"https:\/\/watt4u.ch\/#\/schema\/logo\/image\/\",\"url\":\"https:\/\/watt4u.ch\/wp-content\/uploads\/2018\/06\/watt4U_logo-gris.png\",\"contentUrl\":\"https:\/\/watt4u.ch\/wp-content\/uploads\/2018\/06\/watt4U_logo-gris.png\",\"width\":300,\"height\":102,\"caption\":\"Watt4U S\u00e0rl\"},\"image\":{\"@id\":\"https:\/\/watt4u.ch\/#\/schema\/logo\/image\/\"}}]}<\/script>\n<!-- \/ Yoast SEO plugin. -->","yoast_head_json":{"title":"Mission \u2013 Warum Watt4U - Watt4u","robots":{"index":"index","follow":"follow","max-snippet":"max-snippet:-1","max-image-preview":"max-image-preview:large","max-video-preview":"max-video-preview:-1"},"canonical":"https:\/\/watt4u.ch\/mission-valeurs\/","og_locale":"de_DE","og_type":"article","og_title":"Mission \u2013 Warum Watt4U - Watt4u","og_description":"WARUM WATT4U ? Watt4U ist Ihr Partner in der technologischen Entwicklung und bei der Suche innovativer L\u00f6sungen. Wir bestimmen das Verbesserungspotential Ihres Produkts in dessen technologischen, strukturellen, kommerziellen oder finanziellen Umfeld. Wir sind Ihr \u00abOsteopath\u00bb der Technologie. Wir arbeiten mit einem ganzheitlichen Ansatz sowohl im Verst\u00e4ndnis als auch in der Umsetzung des Projekts. Unser Mehrwert [&hellip;]","og_url":"https:\/\/watt4u.ch\/mission-valeurs\/","og_site_name":"Watt4u","article_modified_time":"2019-04-09T07:56:35+00:00","twitter_card":"summary_large_image","twitter_misc":{"Gesch\u00e4tzte Lesezeit":"2\u00a0Minuten"},"schema":{"@context":"https:\/\/schema.org","@graph":[{"@type":"WebPage","@id":"https:\/\/watt4u.ch\/mission-valeurs\/","url":"https:\/\/watt4u.ch\/mission-valeurs\/","name":"Mission \u2013 Warum Watt4U - Watt4u","isPartOf":{"@id":"https:\/\/watt4u.ch\/#website"},"datePublished":"2018-06-28T14:44:44+00:00","dateModified":"2019-04-09T07:56:35+00:00","breadcrumb":{"@id":"https:\/\/watt4u.ch\/mission-valeurs\/#breadcrumb"},"inLanguage":"de","potentialAction":[{"@type":"ReadAction","target":["https:\/\/watt4u.ch\/mission-valeurs\/"]}]},{"@type":"BreadcrumbList","@id":"https:\/\/watt4u.ch\/mission-valeurs\/#breadcrumb","itemListElement":[{"@type":"ListItem","position":1,"name":"Accueil","item":"https:\/\/watt4u.ch\/"},{"@type":"ListItem","position":2,"name":"Mission \u2013 Warum Watt4U"}]},{"@type":"WebSite","@id":"https:\/\/watt4u.ch\/#website","url":"https:\/\/watt4u.ch\/","name":"Watt4u","description":"C&#039;est puissant","publisher":{"@id":"https:\/\/watt4u.ch\/#organization"},"potentialAction":[{"@type":"SearchAction","target":{"@type":"EntryPoint","urlTemplate":"https:\/\/watt4u.ch\/?s={search_term_string}"},"query-input":{"@type":"PropertyValueSpecification","valueRequired":true,"valueName":"search_term_string"}}],"inLanguage":"de"},{"@type":"Organization","@id":"https:\/\/watt4u.ch\/#organization","name":"Watt4U S\u00e0rl","url":"https:\/\/watt4u.ch\/","logo":{"@type":"ImageObject","inLanguage":"de","@id":"https:\/\/watt4u.ch\/#\/schema\/logo\/image\/","url":"https:\/\/watt4u.ch\/wp-content\/uploads\/2018\/06\/watt4U_logo-gris.png","contentUrl":"https:\/\/watt4u.ch\/wp-content\/uploads\/2018\/06\/watt4U_logo-gris.png","width":300,"height":102,"caption":"Watt4U S\u00e0rl"},"image":{"@id":"https:\/\/watt4u.ch\/#\/schema\/logo\/image\/"}}]}},"builder_content":"<h1 style=\\\"text-align: left;\\\">WARUM<\/h1><h1 style=\\\"text-align: left;\\\">WATT4U ?<\/h1>\n<p style=\\\"text-align: left;\\\"><b>Watt4U<\/b> ist Ihr Partner in der technologischen Entwicklung und bei der Suche innovativer L\u00f6sungen. Wir bestimmen das Verbesserungspotential Ihres Produkts in dessen technologischen, strukturellen, kommerziellen oder finanziellen Umfeld.<\/p><p>Wir sind Ihr \u00abOsteopath\u00bb der Technologie. Wir arbeiten mit einem ganzheitlichen Ansatz sowohl im Verst\u00e4ndnis als auch in der Umsetzung des Projekts.<\/p><p>Unser Mehrwert besteht in der F\u00e4higkeit, spezifische Herausforderungen zu bew\u00e4ltigen, indem wir Mathematik und Physik in den Dienst der Optimierung stellen.<\/p>\n<h2>MISSION<\/h2><p>Wir wollen Sie weiter bringen als Sie sich vorstellen.<\/p><h2>WERTE<\/h2><p>Wir arbeiten in einem Klima gegenseitigen Vertrauens, der Offenheit und Transparenz. Jede Etappe basiert auf fundierten \u00dcberlegungen, die wir Ihnen unterbreiten, erl\u00e4utern und die in Ihren Besitz \u00fcbergehen.<\/p><p>Ihre Herausforderung ist unsere Motivation. Ihr Erfolg ist unsere Erf\u00fcllung.<\/p>\n<h5>Wir verkaufen keine Tr\u00e4ume, aber konkretisieren die Ihren. Wir sind Teil Ihrer zuk\u00fcnftigen Entwicklung.<\/h5>\n<a href=\"https:\/\/watt4u.ch\/Watt4U_Publikationen.pdf\"> PUBLIKATIONEN <\/a>\n<h1 style=\\\"text-align: left;\\\">WARUM<\/h1><h1 style=\\\"text-align: left;\\\">WATT4U<\/h1>\n<p style=\\\"text-align: left;\\\"><b>Watt4U\u00a0<\/b>ist Ihr Partner in der technologischen Entwicklung und bei der Suche innovativer L\u00f6sungen. Wir bestimmen das Verbesserungspotential Ihres Produkts in dessen technologischen, strukturellen, kommerziellen oder finanziellen Umfeld.<\/p> <p style=\\\"text-align: left;\\\">Wir sind Ihr \u00abOsteopath\u00bb der Technologie. Wir arbeiten mit einem ganzheitlichen Ansatz sowohl im Verst\u00e4ndnis als auch in der Umsetzung des Projekts.<\/p> <p style=\\\"text-align: left;\\\">Unser Mehrwert besteht in der F\u00e4higkeit, spezifische Herausforderungen zu bew\u00e4ltigen, indem wir Mathematik und Physik in den Dienst der Optimierung stellen.<\/p>\n<h2 style=\\\"text-align: left;\\\">MISSION<\/h2><p style=\\\"text-align: left;\\\">Wir wollen Sie weiter bringen als Sie sich vorstellen.<\/p><h2 style=\\\"text-align: left;\\\">WERTE<\/h2><p>Wir arbeiten in einem Klima gegenseitigen Vertrauens, der Offenheit und Transparenz. Jede Etappe basiert auf fundierten \u00dcberlegungen, die wir Ihnen unterbreiten, erl\u00e4utern und die in Ihren Besitz \u00fcbergehen.<\/p><p>Ihre Herausforderung ist unsere Motivation. Ihr Erfolg ist unsere Erf\u00fcllung.<\/p>\n<h5>Wir verkaufen keine Tr\u00e4ume, aber konkretisieren die Ihren. Wir sind Teil Ihrer zuk\u00fcnftigen Entwicklung.<\/h5>\n<a href=\"https:\/\/watt4u.ch\/Watt4U_Publikationen.pdf\"> PUBLIKATIONEN <\/a>\n<h1 style=\\\"text-align: left;\\\">WARUM<\/h1><h1 style=\\\"text-align: left;\\\">WATT4U<\/h1>\n<p style=\\\"text-align: left;\\\"><b>Watt4U<\/b> ist Ihr Partner in der technologischen Entwicklung und bei der Suche innovativer L\u00f6sungen. Wir bestimmen das Verbesserungspotential Ihres Produkts in dessen technologischen, strukturellen, kommerziellen oder finanziellen Umfeld.<\/p> <p style=\\\"text-align: left;\\\">Wir sind Ihr \u00abOsteopath\u00bb der Technologie. Wir arbeiten mit einem ganzheitlichen Ansatz sowohl im Verst\u00e4ndnis als auch in der Umsetzung des Projekts.<\/p> <p style=\\\"text-align: left;\\\">Unser Mehrwert besteht in der F\u00e4higkeit, spezifische Herausforderungen zu bew\u00e4ltigen, indem wir Mathematik und Physik in den Dienst der Optimierung stellen.<\/p>\n<h2 style=\\\"text-align: left;\\\">MISSION<\/h2><p style=\\\"text-align: left;\\\">Wir wollen Sie weiter bringen als Sie sich vorstellen.<\/p><h2 style=\\\"text-align: left;\\\">WERTE<\/h2><p>Wir arbeiten in einem Klima gegenseitigen Vertrauens, der Offenheit und Transparenz. Jede Etappe basiert auf fundierten \u00dcberlegungen, die wir Ihnen unterbreiten, erl\u00e4utern und die in Ihren Besitz \u00fcbergehen.<\/p><p>Ihre Herausforderung ist unsere Motivation. Ihr Erfolg ist unsere Erf\u00fcllung.<\/p>\n<h5>Wir verkaufen keine Tr\u00e4ume, aber konkretisieren die Ihren. Wir sind Teil Ihrer zuk\u00fcnftigen Entwicklung.<\/h5>\n<a href=\"https:\/\/watt4u.ch\/Watt4U_Publikationen.pdf\" target=\"_blank\"> PUBLIKATIONEN <\/a>","_links":{"self":[{"href":"https:\/\/watt4u.ch\/de\/wp-json\/wp\/v2\/pages\/2240","targetHints":{"allow":["GET"]}}],"collection":[{"href":"https:\/\/watt4u.ch\/de\/wp-json\/wp\/v2\/pages"}],"about":[{"href":"https:\/\/watt4u.ch\/de\/wp-json\/wp\/v2\/types\/page"}],"author":[{"embeddable":true,"href":"https:\/\/watt4u.ch\/de\/wp-json\/wp\/v2\/users\/1"}],"replies":[{"embeddable":true,"href":"https:\/\/watt4u.ch\/de\/wp-json\/wp\/v2\/comments?post=2240"}],"version-history":[{"count":25,"href":"https:\/\/watt4u.ch\/de\/wp-json\/wp\/v2\/pages\/2240\/revisions"}],"predecessor-version":[{"id":2446,"href":"https:\/\/watt4u.ch\/de\/wp-json\/wp\/v2\/pages\/2240\/revisions\/2446"}],"wp:attachment":[{"href":"https:\/\/watt4u.ch\/de\/wp-json\/wp\/v2\/media?parent=2240"}],"curies":[{"name":"wp","href":"https:\/\/api.w.org\/{rel}","templated":true}]}}